{"id":17,"date":"2020-03-23T16:14:10","date_gmt":"2020-03-23T15:14:10","guid":{"rendered":"http:\/\/fit-fuer-schule.at\/index.php\/materialis-pro\/"},"modified":"2023-08-30T09:16:19","modified_gmt":"2023-08-30T07:16:19","slug":"startseite","status":"publish","type":"page","link":"https:\/\/fit-fuer-schule.at\/","title":{"rendered":"Startseite"},"content":{"rendered":"<!-- CloudPress Companion Preview Data START --><!-- wp:extendstudio\/materialis--><div  data-label=\"Features\" data-id=\"features--5\" data-export-id=\"features-12-card-bordered\" data-category=\"features\" class=\"features-12-card-bordered content-section content-section-spacing-large\" id=\"features-5\" style=\"background-color: rgb(255, 255, 255); background-image: none;\"><div  class=\"gridContainer\"> <div  class=\"row text-center\"><div  class=\"section-title-col\" data-type=\"column\"> <h2  class=\"\"><span  style=\"color: rgb(0, 0, 0);\">Unser Angebot<\/span><\/h2> <\/div> <\/div> <div  class=\"row spaced-cols\" data-type=\"row\"> <div  class=\"col-xs-12 col-sm-6\"> <div  class=\"card mdc-elevation--z3 row-card bordered y-move\"> <div  class=\"row\"> <div  class=\"col-xs-12 col-sm-fit icon-column\" data-fixed=\"true\"> <i  class=\"mdi icon mdi-account bordered round normal-size color1\"><\/i> <\/div> <div  class=\"col-xs-12 col-sm\" data-type=\"column\">  <p  class=\"\">NACHHILFEUNTERRICHT bei Lernschwierigkeiten in Latein, Deutsch, \nFranz\u00f6sisch, Italienisch und Englisch+Mathematik und Nebenf\u00e4chern \nSprachkurse f\u00fcr Kinder und Erwachsene in Deutsch und Franz\u00f6sisch<\/p><\/div> <\/div><\/div> <\/div><div  class=\"col-xs-12 col-sm-6\"> <div  class=\"card mdc-elevation--z3 row-card bordered y-move\"> <div  class=\"row\"> <div  class=\"col-xs-12 col-sm-fit icon-column\" data-fixed=\"true\"> <i  class=\"mdi icon mdi-account bordered round normal-size color1\"><\/i> <\/div> <div  class=\"col-xs-12 col-sm\" data-type=\"column\">  <p  class=\"\">Vortr\u00e4ge zu Themen wie Familie, Gesundheit, Schule, Kindheit, Erziehungsstil, Ehe, Familie, Scheidung, Familiensysteme und andere<\/p><\/div> <\/div><\/div> <\/div>  <div  class=\"col-xs-12 col-sm-6\"> <div  class=\"card mdc-elevation--z3 row-card bordered y-move\"> <div  class=\"row\"> <div  class=\"col-xs-12 col-sm-fit icon-column\" data-fixed=\"true\"> <i  class=\"mdi icon mdi-account bordered round normal-size color1\"><\/i> <\/div> <div  class=\"col-xs-12 col-sm\" data-type=\"column\">  <p  class=\"\">Mitglied des \u00d6BEB<br >\n(\u00d6sterreichischer Bundesverband f\u00fcr Erziehungsberatung)<\/p><\/div> <\/div><\/div> <\/div> <div  class=\"col-xs-12 col-sm-6\"> <div  class=\"card mdc-elevation--z3 row-card bordered y-move\"> <div  class=\"row\"> <div  class=\"col-xs-12 col-sm-fit icon-column\" data-fixed=\"true\"> <i  class=\"mdi icon mdi-account bordered round normal-size color1\"><\/i> <\/div> <div  class=\"col-xs-12 col-sm\" data-type=\"column\">  <p  class=\"\">Die Familienbrett \u2013 Beratung<\/p><\/div> <\/div><\/div> <\/div><div  class=\"col-xs-12 col-sm-6\"> <div  class=\"card mdc-elevation--z3 row-card bordered y-move\"> <div  class=\"row\"> <div  class=\"col-xs-12 col-sm-fit icon-column\" data-fixed=\"true\"> <i  class=\"mdi icon mdi-account bordered round normal-size color1\"><\/i> <\/div> <div  class=\"col-xs-12 col-sm\" data-type=\"column\">  <p  class=\"\">Berufsberatung und Berufsfindung<\/p><\/div> <\/div><\/div> <\/div><div  class=\"col-xs-12 col-sm-6\"> <div  class=\"card mdc-elevation--z3 row-card bordered y-move\"> <div  class=\"row\"> <div  class=\"col-xs-12 col-sm-fit icon-column\" data-fixed=\"true\"> <i  class=\"mdi icon mdi-account bordered round normal-size color1\"><\/i> <\/div> <div  class=\"col-xs-12 col-sm\" data-type=\"column\">  <p  class=\"\">Lebensberatung\n<\/p><\/div> <\/div><\/div> <\/div><div  class=\"col-xs-12 col-sm-6\"> <div  class=\"card mdc-elevation--z3 row-card bordered y-move\"> <div  class=\"row\"> <div  class=\"col-xs-12 col-sm-fit icon-column\" data-fixed=\"true\"> <i  class=\"mdi icon mdi-account bordered round normal-size color1\"><\/i> <\/div> <div  class=\"col-xs-12 col-sm\" data-type=\"column\">  <p  class=\"\">Vortr\u00e4ge zu den Konsequenzen von Alkohol-und anderen Suchterkrankungen. Auch Einzelberatungen.<\/p><\/div> <\/div><\/div> <\/div><div  class=\"col-xs-12 col-sm-6\"> <div  class=\"card mdc-elevation--z3 row-card bordered y-move\"> <div  class=\"row\"> <div  class=\"col-xs-12 col-sm-fit icon-column\" data-fixed=\"true\"> <i  class=\"mdi icon mdi-account bordered round normal-size color1\"><\/i> <\/div> <div  class=\"col-xs-12 col-sm\" data-type=\"column\">  <p  class=\"\">Sch\u00fcler-, Eltern-und Familienberatungen<\/p><\/div> <\/div><\/div> <\/div><div  class=\"col-xs-12 col-sm-6\"> <div  class=\"card mdc-elevation--z3 row-card bordered y-move\"> <div  class=\"row\"> <div  class=\"col-xs-12 col-sm-fit icon-column\" data-fixed=\"true\"> <i  class=\"mdi icon mdi-account bordered round normal-size color1\"><\/i> <\/div> <div  class=\"col-xs-12 col-sm\" data-type=\"column\">  <p  class=\"\">Wissenschaftliche Artikel zu den Themen\n<br >Ehe, Familie, Scheidung<\/p><\/div> <\/div><\/div> <\/div><div  class=\"col-xs-12 col-sm-6\"> <div  class=\"card mdc-elevation--z3 row-card bordered y-move\"> <div  class=\"row\"> <div  class=\"col-xs-12 col-sm-fit icon-column\" data-fixed=\"true\"> <i  class=\"mdi icon mdi-account bordered round normal-size color1\"><\/i> <\/div> <div  class=\"col-xs-12 col-sm\" data-type=\"column\">  <p  class=\"\">Vortr\u00e4ge zu Themen wie Familie, Gesundheit, Schule, Kindheit, \nErziehungsstil, Ehe, Familie,   Scheidung, Familiensysteme und andere<\/p><\/div> <\/div><\/div> <\/div><div  class=\"col-xs-12 col-sm-6\"> <div  class=\"card mdc-elevation--z3 row-card bordered y-move\"> <div  class=\"row\"> <div  class=\"col-xs-12 col-sm-fit icon-column\" data-fixed=\"true\"> <i  class=\"mdi icon mdi-account bordered round normal-size color1\"><\/i> <\/div> <div  class=\"col-xs-12 col-sm\" data-type=\"column\">  <p  class=\"\">Nachhilfe und F\u00f6rderstunden in Latein,<br >\nEnglisch, Franz\u00f6sisch, Deutsch etc.<br >\n1 \u2013 4 Bl\u00f6cke zu je 10 UE mit Erfolgsgarantie<br >\nPreis:nach Vereinbarung<br >\nAnmeldung: ab sofort!<\/p><\/div> <\/div><\/div> <\/div><div  class=\"col-xs-12 col-sm-6\"> <div  class=\"card mdc-elevation--z3 row-card bordered y-move\"> <div  class=\"row\"> <div  class=\"col-xs-12 col-sm-fit icon-column\" data-fixed=\"true\"> <i  class=\"mdi icon mdi-account bordered round normal-size color1\"><\/i> <\/div> <div  class=\"col-xs-12 col-sm\" data-type=\"column\">  <p  class=\"\">Maturanachpr\u00fcfungen<br >\nMo \u2013 So  von 9 \u2013 13, 14 \u2013 17<\/p><\/div> <\/div><\/div> <\/div><\/div> <\/div><\/div><!-- \/wp:extendstudio\/materialis--><!-- CloudPress Companion Preview Data START --><!-- wp:extendstudio\/materialis--><div  data-label=\"About\" data-id=\"about--1\" data-export-id=\"about-9\" data-category=\"about\" class=\"about-9 content-section content-section-spacing-large\" id=\"about-1\" style=\"background-color: rgb(255, 255, 255); background-image: none;\"><div  class=\"gridContainer\"> <div  class=\"row middle-sm text-center\"><div  class=\"col-sm-5 space-bottom-xs content-column content-left-sm\" data-type=\"column\"> <h5  class=\"\" style=\"text-align: left;\"><span  style=\"font-weight: 300;\">Univ. Lekt. Mag. Astrid Lechner-\u00dcbleis<\/span><br ><span  style=\"font-weight: 300;\">\nBurggasse 61\/9, 1070 Wien, \u00d6sterreich<\/span><\/h5><a class=\"link\" href=\"tel:00436764742084\" target=\"_self\" data-cp-link=\"1\" rel=\"noopener noreferrer\">Tel: +43 676 474 20 84                             <\/a>   <p  class=\"\"><\/p><a class=\"link\" href=\"mailto:astrid.lechner15@gmail.com\" target=\"_self\" data-cp-link=\"1\" rel=\"noopener noreferrer\">E-Mail: astrid.lechner15@gmail.com<\/a><a class=\"link\" href=\"mailto:office@fit-fuer-schule.at\" target=\"_self\" data-cp-link=\"1\" rel=\"noopener noreferrer\">E-Mail: office@fit-fuer-schule.at<\/a><\/div> <div  class=\"col-sm-7 flexbox flexbox middle-xs center-xs\"><div  class=\"overlay-box flexbox middle-xs center-xs overlay-holder \"> <div  class=\"overlay-box-offset offset-background bg-color2 hide-xs border-radius-8 mdc-elevation--z20\"><\/div> <img decoding=\"async\"  class=\"flexbox img1 rounded mdc-elevation--z20\" src=\"http:\/\/fit-fuer-schule.at\/wp-content\/uploads\/2020\/04\/cropped-Astrid-Lechner-\u00dcbleis.jpg\"><\/div> <\/div><\/div> <\/div><\/div><!-- \/wp:extendstudio\/materialis-->","protected":false},"excerpt":{"rendered":"<p>Unser Angebot NACHHILFEUNTERRICHT bei Lernschwierigkeiten in Latein, Deutsch, Franz\u00f6sisch, Italienisch und Englisch+Mathematik und Nebenf\u00e4chern Sprachkurse f\u00fcr Kinder und Erwachsene in Deutsch und Franz\u00f6sisch Vortr\u00e4ge zu Themen wie Familie, Gesundheit, Schule, Kindheit, Erziehungsstil, Ehe, Familie, Scheidung, Familiensysteme und andere Mitglied des \u00d6BEB (\u00d6sterreichischer Bundesverband f\u00fcr Erziehungsberatung) Die Familienbrett \u2013 Beratung Berufsberatung und Berufsfindung Lebensberatung Vortr\u00e4ge zu&nbsp;&hellip;<\/p>\n","protected":false},"author":4,"featured_media":0,"parent":0,"menu_order":0,"comment_status":"closed","ping_status":"closed","template":"page-templates\/homepage.php","meta":{"iawp_total_views":445,"footnotes":""},"class_list":["post-17","page","type-page","status-publish","hentry"],"_links":{"self":[{"href":"https:\/\/fit-fuer-schule.at\/index.php\/wp-json\/wp\/v2\/pages\/17","targetHints":{"allow":["GET"]}}],"collection":[{"href":"https:\/\/fit-fuer-schule.at\/index.php\/wp-json\/wp\/v2\/pages"}],"about":[{"href":"https:\/\/fit-fuer-schule.at\/index.php\/wp-json\/wp\/v2\/types\/page"}],"author":[{"embeddable":true,"href":"https:\/\/fit-fuer-schule.at\/index.php\/wp-json\/wp\/v2\/users\/4"}],"replies":[{"embeddable":true,"href":"https:\/\/fit-fuer-schule.at\/index.php\/wp-json\/wp\/v2\/comments?post=17"}],"version-history":[{"count":5,"href":"https:\/\/fit-fuer-schule.at\/index.php\/wp-json\/wp\/v2\/pages\/17\/revisions"}],"predecessor-version":[{"id":564,"href":"https:\/\/fit-fuer-schule.at\/index.php\/wp-json\/wp\/v2\/pages\/17\/revisions\/564"}],"wp:attachment":[{"href":"https:\/\/fit-fuer-schule.at\/index.php\/wp-json\/wp\/v2\/media?parent=17"}],"curies":[{"name":"wp","href":"https:\/\/api.w.org\/{rel}","templated":true}]}}