{"id":85,"date":"2020-03-23T21:33:59","date_gmt":"2020-03-23T20:33:59","guid":{"rendered":"http:\/\/fit-fuer-schule.at\/?page_id=85"},"modified":"2023-08-30T09:15:11","modified_gmt":"2023-08-30T07:15:11","slug":"datenschutzerklaerung-2","status":"publish","type":"page","link":"https:\/\/fit-fuer-schule.at\/index.php\/datenschutzerklaerung-2\/","title":{"rendered":"Datenschutzerkl\u00e4rung"},"content":{"rendered":"<div  data-label=\"Features\" data-id=\"features--1\" data-export-id=\"features-1-materialis\" data-category=\"features\" class=\"features-1m content-section content-section-spacing-large\" id=\"features-1\" style=\"background-color: rgb(255, 255, 255);\"><div  class=\"\"> <div  class=\"row text-center\"><div  class=\"section-title-col\" data-type=\"column\">  <p  class=\"\" style=\"text-align: left;\"><span  style=\"font-weight: 300;\">Der Schutz Ihrer pers\u00f6nlichen Daten ist uns ein besonderes Anliegen. Wir verarbeiten Ihre Daten daher ausschlie\u00dflich auf Grundlage der gesetzlichen Bestimmungen (DSGVO, TKG 2003). In diesen Datenschutzinformationen informieren wir Sie \u00fcber die wichtigsten Aspekte der Datenverarbeitung im Rahmen unserer Website.\n<\/span><br ><br ><span  style=\"font-weight: 300;\">\nBeim Besuch unserer Webseite wird Ihre IP-Adresse, Beginn und Ende der Sitzung f\u00fcr die Dauer dieser Sitzung erfasst. Dies ist technisch bedingt und stellt damit ein berechtigtes Interesse iSv Art 6 Abs 1 lit f DSGVO dar. Soweit im Folgenden nichts anderes geregelt wird, werden diese Daten von uns nicht weiterverarbeitet.\n<\/span><br ><br >\n<span  style=\"font-weight: 500;\">Kontakt mit uns<\/span><br >\n<span  style=\"font-weight: 300;\">Wenn Sie per Formular auf der Website oder per E-Mail Kontakt mit uns aufnehmen, werden Ihre angegebenen Daten zwecks Bearbeitung der Anfrage und f\u00fcr den Fall von Anschlussfragen sechs Monate bei uns gespeichert. Diese Daten geben wir nicht ohne Ihre Einwilligung weiter.\n<\/span><br ><br >\n<span  style=\"font-weight: 500;\">Cookies<\/span><br >\n<span  style=\"font-weight: 300;\">Unsere Website verwendet so genannte Cookies. Dabei handelt es sich um kleine Textdateien, die mit Hilfe des Browsers auf Ihrem Endger\u00e4t abgelegt werden. Sie richten keinen Schaden an. Wir nutzen Cookies dazu, unser Angebot nutzerfreundlich zu gestalten. Einige Cookies bleiben auf Ihrem Endger\u00e4t gespeichert, bis Sie diese l\u00f6schen. Sie erm\u00f6glichen es uns, Ihren Browser beim n\u00e4chsten Besuch wiederzuerkennen.\n<\/span><br ><br ><span  style=\"font-weight: 300;\">\nWenn Sie dies nicht w\u00fcnschen, so k\u00f6nnen Sie Ihren Browser so einrichten, dass er Sie \u00fcber das Setzen von Cookies informiert und Sie dies nur im Einzelfall erlauben. Bei der Deaktivierung von Cookies kann die Funktionalit\u00e4t unserer Website eingeschr\u00e4nkt sein.\n<\/span><br ><br >Ih<span  style=\"font-weight: 500;\">re Rechte<\/span><br >\n<span  style=\"font-weight: 300;\">Ihnen stehen bez\u00fcglich Ihrer bei uns gespeicherten Daten grunds\u00e4tzlich die Rechte auf Auskunft, Berichtigung, L\u00f6schung, Einschr\u00e4nkung, Daten\u00fcbertragbarkeit, Widerruf und Widerspruch zu. Wenn Sie glauben, dass die Verarbeitung Ihrer Daten gegen das Datenschutzrecht verst\u00f6\u00dft oder Ihre datenschutzrechtlichen Anspr\u00fcche sonst in einer Weise verletzt worden sind, k\u00f6nnen Sie sich bei der uns astrid.lechner15@gmail.com oder der Datenschutzbeh\u00f6rde beschweren.\n<\/span><br >\n\n<br ><br ><span  style=\"font-weight: 300;\">\nSie erreichen uns unter folgenden Kontaktdaten:\n<\/span><br ><br ><span  style=\"font-weight: 300;\">\nUniv. Lekt. Mag. Astrid Lechner-\u00dcbleis<\/span><br ><span  style=\"font-weight: 300;\">\nBurggasse 61\/9, 1070 Wien, \u00d6sterreich<\/span><br ><span  style=\"font-weight: 300;\">\nTel: +43 676 47 420 84\n<\/span><br ><br ><span  style=\"font-weight: 300;\">\nMail: office@fit-fuer-schule.at<\/span><\/p><\/div> <\/div> <div  class=\"row top-xs space-top-small content-left-sm start-sm\" data-type=\"row\"> <div  class=\"col-md-4 col-sm-4 col-xs-12 space-bottom\" data-type=\"column\">   <\/div>   <\/div><\/div> <\/div>","protected":false},"excerpt":{"rendered":"","protected":false},"author":4,"featured_media":0,"parent":0,"menu_order":0,"comment_status":"closed","ping_status":"closed","template":"pro\/page-templates\/full-width-page.php","meta":{"iawp_total_views":27,"footnotes":""},"class_list":["post-85","page","type-page","status-publish","hentry"],"_links":{"self":[{"href":"https:\/\/fit-fuer-schule.at\/index.php\/wp-json\/wp\/v2\/pages\/85","targetHints":{"allow":["GET"]}}],"collection":[{"href":"https:\/\/fit-fuer-schule.at\/index.php\/wp-json\/wp\/v2\/pages"}],"about":[{"href":"https:\/\/fit-fuer-schule.at\/index.php\/wp-json\/wp\/v2\/types\/page"}],"author":[{"embeddable":true,"href":"https:\/\/fit-fuer-schule.at\/index.php\/wp-json\/wp\/v2\/users\/4"}],"replies":[{"embeddable":true,"href":"https:\/\/fit-fuer-schule.at\/index.php\/wp-json\/wp\/v2\/comments?post=85"}],"version-history":[{"count":5,"href":"https:\/\/fit-fuer-schule.at\/index.php\/wp-json\/wp\/v2\/pages\/85\/revisions"}],"predecessor-version":[{"id":206,"href":"https:\/\/fit-fuer-schule.at\/index.php\/wp-json\/wp\/v2\/pages\/85\/revisions\/206"}],"wp:attachment":[{"href":"https:\/\/fit-fuer-schule.at\/index.php\/wp-json\/wp\/v2\/media?parent=85"}],"curies":[{"name":"wp","href":"https:\/\/api.w.org\/{rel}","templated":true}]}}